{"id":2973,"date":"2025-03-13T08:56:25","date_gmt":"2025-03-13T07:56:25","guid":{"rendered":"https:\/\/xn--kersbergaelektriska-zwb.se\/?page_id=2973"},"modified":"2025-04-28T08:56:22","modified_gmt":"2025-04-28T06:56:22","slug":"blogg-elektriker-akersberga","status":"publish","type":"page","link":"https:\/\/xn--kersbergaelektriska-zwb.se\/?page_id=2973","title":{"rendered":"Blogg"},"content":{"rendered":"","protected":false},"excerpt":{"rendered":"","protected":false},"author":1,"featured_media":3491,"parent":0,"menu_order":0,"comment_status":"closed","ping_status":"closed","template":"","meta":{"site-sidebar-layout":"no-sidebar","site-content-layout":"page-builder","ast-site-content-layout":"full-width-container","site-content-style":"default","site-sidebar-style":"default","ast-global-header-display":"","ast-banner-title-visibility":"","ast-main-header-display":"","ast-hfb-above-header-display":"","ast-hfb-below-header-display":"","ast-hfb-mobile-header-display":"","site-post-title":"disabled","ast-breadcrumbs-content":"","ast-featured-img":"disabled","footer-sml-layout":"","ast-disable-related-posts":"","theme-transparent-header-meta":"","adv-header-id-meta":"","stick-header-meta":"","header-above-stick-meta":"","header-main-stick-meta":"","header-below-stick-meta":"","astra-migrate-meta-layouts":"set","ast-page-background-enabled":"default","ast-page-background-meta":{"desktop":{"background-color":"var(--ast-global-color-4)","background-image":"","background-repeat":"repeat","background-position":"center center","background-size":"auto","background-attachment":"scroll","background-type":"","background-media":"","overlay-type":"","overlay-color":"","overlay-opacity":"","overlay-gradient":""},"tablet":{"background-color":"","background-image":"","background-repeat":"repeat","background-position":"center center","background-size":"auto","background-attachment":"scroll","background-type":"","background-media":"","overlay-type":"","overlay-color":"","overlay-opacity":"","overlay-gradient":""},"mobile":{"background-color":"","background-image":"","background-repeat":"repeat","background-position":"center center","background-size":"auto","background-attachment":"scroll","background-type":"","background-media":"","overlay-type":"","overlay-color":"","overlay-opacity":"","overlay-gradient":""}},"ast-content-background-meta":{"desktop":{"background-color":"var(--ast-global-color-5)","background-image":"","background-repeat":"repeat","background-position":"center center","background-size":"auto","background-attachment":"scroll","background-type":"","background-media":"","overlay-type":"","overlay-color":"","overlay-opacity":"","overlay-gradient":""},"tablet":{"background-color":"var(--ast-global-color-5)","background-image":"","background-repeat":"repeat","background-position":"center center","background-size":"auto","background-attachment":"scroll","background-type":"","background-media":"","overlay-type":"","overlay-color":"","overlay-opacity":"","overlay-gradient":""},"mobile":{"background-color":"var(--ast-global-color-5)","background-image":"","background-repeat":"repeat","background-position":"center center","background-size":"auto","background-attachment":"scroll","background-type":"","background-media":"","overlay-type":"","overlay-color":"","overlay-opacity":"","overlay-gradient":""}},"footnotes":""},"class_list":["post-2973","page","type-page","status-publish","has-post-thumbnail","hentry"],"yoast_head":"<!-- This site is optimized with the Yoast SEO plugin v27.4 - https:\/\/yoast.com\/product\/yoast-seo-wordpress\/ -->\n<title>Elektriker \u00c5kersberga Blogg - Tips, R\u00e5d &amp; Nyheter<\/title>\n<meta name=\"description\" content=\"F\u00e5 expertr\u00e5d fr\u00e5n din Elektriker \u00c5kersberga blogg! V\u00e5r blogg delar insikter om allt . Missa inte v\u00e5ra lokala tips!\" \/>\n<meta name=\"robots\" content=\"index, follow, max-snippet:-1, max-image-preview:large, max-video-preview:-1\" \/>\n<link rel=\"canonical\" href=\"https:\/\/xn--kersbergaelektriska-zwb.se\/?page_id=2973\" \/>\n<meta property=\"og:locale\" content=\"sv_SE\" \/>\n<meta property=\"og:type\" content=\"article\" \/>\n<meta property=\"og:title\" content=\"Elektriker \u00c5kersberga Blogg - Tips, R\u00e5d &amp; Nyheter\" \/>\n<meta property=\"og:description\" content=\"F\u00e5 expertr\u00e5d fr\u00e5n din Elektriker \u00c5kersberga blogg! V\u00e5r blogg delar insikter om allt . Missa inte v\u00e5ra lokala tips!\" \/>\n<meta property=\"og:url\" content=\"https:\/\/xn--kersbergaelektriska-zwb.se\/?page_id=2973\" \/>\n<meta property=\"og:site_name\" content=\"Elektriker \u00c5kersberga\" \/>\n<meta property=\"article:publisher\" content=\"https:\/\/www.facebook.com\/profile.php?id=61555924331954\" \/>\n<meta property=\"article:modified_time\" content=\"2025-04-28T06:56:22+00:00\" \/>\n<meta property=\"og:image\" content=\"https:\/\/xn--kersbergaelektriska-zwb.se\/wp-content\/uploads\/2025\/03\/IMG_4345-scaled.jpeg\" \/>\n\t<meta property=\"og:image:width\" content=\"1920\" \/>\n\t<meta property=\"og:image:height\" content=\"2560\" \/>\n\t<meta property=\"og:image:type\" content=\"image\/jpeg\" \/>\n<meta name=\"twitter:card\" content=\"summary_large_image\" \/>\n<script type=\"application\/ld+json\" class=\"yoast-schema-graph\">{\"@context\":\"https:\\\/\\\/schema.org\",\"@graph\":[{\"@type\":\"WebPage\",\"@id\":\"https:\\\/\\\/xn--kersbergaelektriska-zwb.se\\\/?page_id=2973\",\"url\":\"https:\\\/\\\/xn--kersbergaelektriska-zwb.se\\\/?page_id=2973\",\"name\":\"Elektriker \u00c5kersberga Blogg - Tips, R\u00e5d & Nyheter\",\"isPartOf\":{\"@id\":\"https:\\\/\\\/xn--kersbergaelektriska-zwb.se\\\/#website\"},\"primaryImageOfPage\":{\"@id\":\"https:\\\/\\\/xn--kersbergaelektriska-zwb.se\\\/?page_id=2973#primaryimage\"},\"image\":{\"@id\":\"https:\\\/\\\/xn--kersbergaelektriska-zwb.se\\\/?page_id=2973#primaryimage\"},\"thumbnailUrl\":\"https:\\\/\\\/xn--kersbergaelektriska-zwb.se\\\/wp-content\\\/uploads\\\/2025\\\/03\\\/IMG_4345-scaled.jpeg\",\"datePublished\":\"2025-03-13T07:56:25+00:00\",\"dateModified\":\"2025-04-28T06:56:22+00:00\",\"description\":\"F\u00e5 expertr\u00e5d fr\u00e5n din Elektriker \u00c5kersberga blogg! V\u00e5r blogg delar insikter om allt . Missa inte v\u00e5ra lokala tips!\",\"breadcrumb\":{\"@id\":\"https:\\\/\\\/xn--kersbergaelektriska-zwb.se\\\/?page_id=2973#breadcrumb\"},\"inLanguage\":\"sv-SE\",\"potentialAction\":[{\"@type\":\"ReadAction\",\"target\":[\"https:\\\/\\\/xn--kersbergaelektriska-zwb.se\\\/?page_id=2973\"]}]},{\"@type\":\"ImageObject\",\"inLanguage\":\"sv-SE\",\"@id\":\"https:\\\/\\\/xn--kersbergaelektriska-zwb.se\\\/?page_id=2973#primaryimage\",\"url\":\"https:\\\/\\\/xn--kersbergaelektriska-zwb.se\\\/wp-content\\\/uploads\\\/2025\\\/03\\\/IMG_4345-scaled.jpeg\",\"contentUrl\":\"https:\\\/\\\/xn--kersbergaelektriska-zwb.se\\\/wp-content\\\/uploads\\\/2025\\\/03\\\/IMG_4345-scaled.jpeg\",\"width\":1920,\"height\":2560,\"caption\":\"Erfarna elektriker i \u00c5kersberga f\u00f6r alla dina elbehov, fr\u00e5n sm\u00e5fix till st\u00f6rre installationer och ROT-arbeten. S\u00e4kerhet och kvalitet i fokus.\"},{\"@type\":\"BreadcrumbList\",\"@id\":\"https:\\\/\\\/xn--kersbergaelektriska-zwb.se\\\/?page_id=2973#breadcrumb\",\"itemListElement\":[{\"@type\":\"ListItem\",\"position\":1,\"name\":\"Home\",\"item\":\"https:\\\/\\\/xn--kersbergaelektriska-zwb.se\\\/\"},{\"@type\":\"ListItem\",\"position\":2,\"name\":\"Blogg\"}]},{\"@type\":\"WebSite\",\"@id\":\"https:\\\/\\\/xn--kersbergaelektriska-zwb.se\\\/#website\",\"url\":\"https:\\\/\\\/xn--kersbergaelektriska-zwb.se\\\/\",\"name\":\"Elektriker \u00c5kersberga och Stockholm - ElektrikerNu i Sverige AB\",\"description\":\"elektriker \u00c5kersberga\",\"publisher\":{\"@id\":\"https:\\\/\\\/xn--kersbergaelektriska-zwb.se\\\/#organization\"},\"potentialAction\":[{\"@type\":\"SearchAction\",\"target\":{\"@type\":\"EntryPoint\",\"urlTemplate\":\"https:\\\/\\\/xn--kersbergaelektriska-zwb.se\\\/?s={search_term_string}\"},\"query-input\":{\"@type\":\"PropertyValueSpecification\",\"valueRequired\":true,\"valueName\":\"search_term_string\"}}],\"inLanguage\":\"sv-SE\"},{\"@type\":\"Organization\",\"@id\":\"https:\\\/\\\/xn--kersbergaelektriska-zwb.se\\\/#organization\",\"name\":\"ElektrikerNu i Sverige AB\",\"url\":\"https:\\\/\\\/xn--kersbergaelektriska-zwb.se\\\/\",\"logo\":{\"@type\":\"ImageObject\",\"inLanguage\":\"sv-SE\",\"@id\":\"https:\\\/\\\/xn--kersbergaelektriska-zwb.se\\\/#\\\/schema\\\/logo\\\/image\\\/\",\"url\":\"https:\\\/\\\/xn--kersbergaelektriska-zwb.se\\\/wp-content\\\/uploads\\\/2025\\\/03\\\/cropped-Logo-23-1.webp\",\"contentUrl\":\"https:\\\/\\\/xn--kersbergaelektriska-zwb.se\\\/wp-content\\\/uploads\\\/2025\\\/03\\\/cropped-Logo-23-1.webp\",\"width\":1920,\"height\":639,\"caption\":\"ElektrikerNu i Sverige AB\"},\"image\":{\"@id\":\"https:\\\/\\\/xn--kersbergaelektriska-zwb.se\\\/#\\\/schema\\\/logo\\\/image\\\/\"},\"sameAs\":[\"https:\\\/\\\/www.facebook.com\\\/profile.php?id=61555924331954\",\"https:\\\/\\\/www.instagram.com\\\/elektrikernu\\\/\"]}]}<\/script>\n<!-- \/ Yoast SEO plugin. -->","yoast_head_json":{"title":"Elektriker \u00c5kersberga Blogg - Tips, R\u00e5d & Nyheter","description":"F\u00e5 expertr\u00e5d fr\u00e5n din Elektriker \u00c5kersberga blogg! V\u00e5r blogg delar insikter om allt . Missa inte v\u00e5ra lokala tips!","robots":{"index":"index","follow":"follow","max-snippet":"max-snippet:-1","max-image-preview":"max-image-preview:large","max-video-preview":"max-video-preview:-1"},"canonical":"https:\/\/xn--kersbergaelektriska-zwb.se\/?page_id=2973","og_locale":"sv_SE","og_type":"article","og_title":"Elektriker \u00c5kersberga Blogg - Tips, R\u00e5d & Nyheter","og_description":"F\u00e5 expertr\u00e5d fr\u00e5n din Elektriker \u00c5kersberga blogg! V\u00e5r blogg delar insikter om allt . Missa inte v\u00e5ra lokala tips!","og_url":"https:\/\/xn--kersbergaelektriska-zwb.se\/?page_id=2973","og_site_name":"Elektriker \u00c5kersberga","article_publisher":"https:\/\/www.facebook.com\/profile.php?id=61555924331954","article_modified_time":"2025-04-28T06:56:22+00:00","og_image":[{"width":1920,"height":2560,"url":"https:\/\/xn--kersbergaelektriska-zwb.se\/wp-content\/uploads\/2025\/03\/IMG_4345-scaled.jpeg","type":"image\/jpeg"}],"twitter_card":"summary_large_image","schema":{"@context":"https:\/\/schema.org","@graph":[{"@type":"WebPage","@id":"https:\/\/xn--kersbergaelektriska-zwb.se\/?page_id=2973","url":"https:\/\/xn--kersbergaelektriska-zwb.se\/?page_id=2973","name":"Elektriker \u00c5kersberga Blogg - Tips, R\u00e5d & Nyheter","isPartOf":{"@id":"https:\/\/xn--kersbergaelektriska-zwb.se\/#website"},"primaryImageOfPage":{"@id":"https:\/\/xn--kersbergaelektriska-zwb.se\/?page_id=2973#primaryimage"},"image":{"@id":"https:\/\/xn--kersbergaelektriska-zwb.se\/?page_id=2973#primaryimage"},"thumbnailUrl":"https:\/\/xn--kersbergaelektriska-zwb.se\/wp-content\/uploads\/2025\/03\/IMG_4345-scaled.jpeg","datePublished":"2025-03-13T07:56:25+00:00","dateModified":"2025-04-28T06:56:22+00:00","description":"F\u00e5 expertr\u00e5d fr\u00e5n din Elektriker \u00c5kersberga blogg! V\u00e5r blogg delar insikter om allt . Missa inte v\u00e5ra lokala tips!","breadcrumb":{"@id":"https:\/\/xn--kersbergaelektriska-zwb.se\/?page_id=2973#breadcrumb"},"inLanguage":"sv-SE","potentialAction":[{"@type":"ReadAction","target":["https:\/\/xn--kersbergaelektriska-zwb.se\/?page_id=2973"]}]},{"@type":"ImageObject","inLanguage":"sv-SE","@id":"https:\/\/xn--kersbergaelektriska-zwb.se\/?page_id=2973#primaryimage","url":"https:\/\/xn--kersbergaelektriska-zwb.se\/wp-content\/uploads\/2025\/03\/IMG_4345-scaled.jpeg","contentUrl":"https:\/\/xn--kersbergaelektriska-zwb.se\/wp-content\/uploads\/2025\/03\/IMG_4345-scaled.jpeg","width":1920,"height":2560,"caption":"Erfarna elektriker i \u00c5kersberga f\u00f6r alla dina elbehov, fr\u00e5n sm\u00e5fix till st\u00f6rre installationer och ROT-arbeten. S\u00e4kerhet och kvalitet i fokus."},{"@type":"BreadcrumbList","@id":"https:\/\/xn--kersbergaelektriska-zwb.se\/?page_id=2973#breadcrumb","itemListElement":[{"@type":"ListItem","position":1,"name":"Home","item":"https:\/\/xn--kersbergaelektriska-zwb.se\/"},{"@type":"ListItem","position":2,"name":"Blogg"}]},{"@type":"WebSite","@id":"https:\/\/xn--kersbergaelektriska-zwb.se\/#website","url":"https:\/\/xn--kersbergaelektriska-zwb.se\/","name":"Elektriker \u00c5kersberga och Stockholm - ElektrikerNu i Sverige AB","description":"elektriker \u00c5kersberga","publisher":{"@id":"https:\/\/xn--kersbergaelektriska-zwb.se\/#organization"},"potentialAction":[{"@type":"SearchAction","target":{"@type":"EntryPoint","urlTemplate":"https:\/\/xn--kersbergaelektriska-zwb.se\/?s={search_term_string}"},"query-input":{"@type":"PropertyValueSpecification","valueRequired":true,"valueName":"search_term_string"}}],"inLanguage":"sv-SE"},{"@type":"Organization","@id":"https:\/\/xn--kersbergaelektriska-zwb.se\/#organization","name":"ElektrikerNu i Sverige AB","url":"https:\/\/xn--kersbergaelektriska-zwb.se\/","logo":{"@type":"ImageObject","inLanguage":"sv-SE","@id":"https:\/\/xn--kersbergaelektriska-zwb.se\/#\/schema\/logo\/image\/","url":"https:\/\/xn--kersbergaelektriska-zwb.se\/wp-content\/uploads\/2025\/03\/cropped-Logo-23-1.webp","contentUrl":"https:\/\/xn--kersbergaelektriska-zwb.se\/wp-content\/uploads\/2025\/03\/cropped-Logo-23-1.webp","width":1920,"height":639,"caption":"ElektrikerNu i Sverige AB"},"image":{"@id":"https:\/\/xn--kersbergaelektriska-zwb.se\/#\/schema\/logo\/image\/"},"sameAs":["https:\/\/www.facebook.com\/profile.php?id=61555924331954","https:\/\/www.instagram.com\/elektrikernu\/"]}]}},"_links":{"self":[{"href":"https:\/\/xn--kersbergaelektriska-zwb.se\/index.php?rest_route=\/wp\/v2\/pages\/2973","targetHints":{"allow":["GET"]}}],"collection":[{"href":"https:\/\/xn--kersbergaelektriska-zwb.se\/index.php?rest_route=\/wp\/v2\/pages"}],"about":[{"href":"https:\/\/xn--kersbergaelektriska-zwb.se\/index.php?rest_route=\/wp\/v2\/types\/page"}],"author":[{"embeddable":true,"href":"https:\/\/xn--kersbergaelektriska-zwb.se\/index.php?rest_route=\/wp\/v2\/users\/1"}],"replies":[{"embeddable":true,"href":"https:\/\/xn--kersbergaelektriska-zwb.se\/index.php?rest_route=%2Fwp%2Fv2%2Fcomments&post=2973"}],"version-history":[{"count":1,"href":"https:\/\/xn--kersbergaelektriska-zwb.se\/index.php?rest_route=\/wp\/v2\/pages\/2973\/revisions"}],"predecessor-version":[{"id":2974,"href":"https:\/\/xn--kersbergaelektriska-zwb.se\/index.php?rest_route=\/wp\/v2\/pages\/2973\/revisions\/2974"}],"wp:featuredmedia":[{"embeddable":true,"href":"https:\/\/xn--kersbergaelektriska-zwb.se\/index.php?rest_route=\/wp\/v2\/media\/3491"}],"wp:attachment":[{"href":"https:\/\/xn--kersbergaelektriska-zwb.se\/index.php?rest_route=%2Fwp%2Fv2%2Fmedia&parent=2973"}],"curies":[{"name":"wp","href":"https:\/\/api.w.org\/{rel}","templated":true}]}}