{"id":2966,"date":"2025-03-13T08:52:15","date_gmt":"2025-03-13T07:52:15","guid":{"rendered":"https:\/\/xn--kersbergaelektriska-zwb.se\/?page_id=2966"},"modified":"2025-04-28T08:59:16","modified_gmt":"2025-04-28T06:59:16","slug":"tjanster-elektriker-akersberga","status":"publish","type":"page","link":"https:\/\/xn--kersbergaelektriska-zwb.se\/?page_id=2966","title":{"rendered":"Tj\u00e4nster"},"content":{"rendered":"","protected":false},"excerpt":{"rendered":"","protected":false},"author":1,"featured_media":3067,"parent":0,"menu_order":0,"comment_status":"closed","ping_status":"closed","template":"","meta":{"site-sidebar-layout":"no-sidebar","site-content-layout":"page-builder","ast-site-content-layout":"full-width-container","site-content-style":"default","site-sidebar-style":"default","ast-global-header-display":"","ast-banner-title-visibility":"","ast-main-header-display":"","ast-hfb-above-header-display":"","ast-hfb-below-header-display":"","ast-hfb-mobile-header-display":"","site-post-title":"disabled","ast-breadcrumbs-content":"","ast-featured-img":"disabled","footer-sml-layout":"","ast-disable-related-posts":"","theme-transparent-header-meta":"","adv-header-id-meta":"","stick-header-meta":"","header-above-stick-meta":"","header-main-stick-meta":"","header-below-stick-meta":"","astra-migrate-meta-layouts":"set","ast-page-background-enabled":"default","ast-page-background-meta":{"desktop":{"background-color":"var(--ast-global-color-4)","background-image":"","background-repeat":"repeat","background-position":"center center","background-size":"auto","background-attachment":"scroll","background-type":"","background-media":"","overlay-type":"","overlay-color":"","overlay-opacity":"","overlay-gradient":""},"tablet":{"background-color":"","background-image":"","background-repeat":"repeat","background-position":"center center","background-size":"auto","background-attachment":"scroll","background-type":"","background-media":"","overlay-type":"","overlay-color":"","overlay-opacity":"","overlay-gradient":""},"mobile":{"background-color":"","background-image":"","background-repeat":"repeat","background-position":"center center","background-size":"auto","background-attachment":"scroll","background-type":"","background-media":"","overlay-type":"","overlay-color":"","overlay-opacity":"","overlay-gradient":""}},"ast-content-background-meta":{"desktop":{"background-color":"var(--ast-global-color-5)","background-image":"","background-repeat":"repeat","background-position":"center center","background-size":"auto","background-attachment":"scroll","background-type":"","background-media":"","overlay-type":"","overlay-color":"","overlay-opacity":"","overlay-gradient":""},"tablet":{"background-color":"var(--ast-global-color-5)","background-image":"","background-repeat":"repeat","background-position":"center center","background-size":"auto","background-attachment":"scroll","background-type":"","background-media":"","overlay-type":"","overlay-color":"","overlay-opacity":"","overlay-gradient":""},"mobile":{"background-color":"var(--ast-global-color-5)","background-image":"","background-repeat":"repeat","background-position":"center center","background-size":"auto","background-attachment":"scroll","background-type":"","background-media":"","overlay-type":"","overlay-color":"","overlay-opacity":"","overlay-gradient":""}},"footnotes":""},"class_list":["post-2966","page","type-page","status-publish","has-post-thumbnail","hentry"],"yoast_head":"<!-- This site is optimized with the Yoast SEO plugin v27.4 - https:\/\/yoast.com\/product\/yoast-seo-wordpress\/ -->\n<title>Elektriker \u00c5kersberga tj\u00e4nster - Anlita V\u00e5r Erfarna Elektriker<\/title>\n<meta name=\"description\" content=\"Elektriker \u00c5kersberga tj\u00e4nster f\u00f6r alla dina elbehov. Uppt\u00e4ck v\u00e5rt breda utbud av tj\u00e4nster, inklusive elinstallation, service och underh\u00e5ll.\" \/>\n<meta name=\"robots\" content=\"index, follow, max-snippet:-1, max-image-preview:large, max-video-preview:-1\" \/>\n<link rel=\"canonical\" href=\"https:\/\/xn--kersbergaelektriska-zwb.se\/?page_id=2966\" \/>\n<meta property=\"og:locale\" content=\"sv_SE\" \/>\n<meta property=\"og:type\" content=\"article\" \/>\n<meta property=\"og:title\" content=\"Elektriker \u00c5kersberga tj\u00e4nster - Anlita V\u00e5r Erfarna Elektriker\" \/>\n<meta property=\"og:description\" content=\"Elektriker \u00c5kersberga tj\u00e4nster f\u00f6r alla dina elbehov. Uppt\u00e4ck v\u00e5rt breda utbud av tj\u00e4nster, inklusive elinstallation, service och underh\u00e5ll.\" \/>\n<meta property=\"og:url\" content=\"https:\/\/xn--kersbergaelektriska-zwb.se\/?page_id=2966\" \/>\n<meta property=\"og:site_name\" content=\"Elektriker \u00c5kersberga\" \/>\n<meta property=\"article:publisher\" content=\"https:\/\/www.facebook.com\/profile.php?id=61555924331954\" \/>\n<meta property=\"article:modified_time\" content=\"2025-04-28T06:59:16+00:00\" \/>\n<meta name=\"twitter:card\" content=\"summary_large_image\" \/>\n<script type=\"application\/ld+json\" class=\"yoast-schema-graph\">{\"@context\":\"https:\\\/\\\/schema.org\",\"@graph\":[{\"@type\":\"WebPage\",\"@id\":\"https:\\\/\\\/xn--kersbergaelektriska-zwb.se\\\/?page_id=2966\",\"url\":\"https:\\\/\\\/xn--kersbergaelektriska-zwb.se\\\/?page_id=2966\",\"name\":\"Elektriker \u00c5kersberga tj\u00e4nster - Anlita V\u00e5r Erfarna Elektriker\",\"isPartOf\":{\"@id\":\"https:\\\/\\\/xn--kersbergaelektriska-zwb.se\\\/#website\"},\"primaryImageOfPage\":{\"@id\":\"https:\\\/\\\/xn--kersbergaelektriska-zwb.se\\\/?page_id=2966#primaryimage\"},\"image\":{\"@id\":\"https:\\\/\\\/xn--kersbergaelektriska-zwb.se\\\/?page_id=2966#primaryimage\"},\"thumbnailUrl\":\"https:\\\/\\\/xn--kersbergaelektriska-zwb.se\\\/wp-content\\\/uploads\\\/2025\\\/03\\\/25B8E8B1-32B0-44FF-9235-F751F53FC6A3-scaled.webp\",\"datePublished\":\"2025-03-13T07:52:15+00:00\",\"dateModified\":\"2025-04-28T06:59:16+00:00\",\"description\":\"Elektriker \u00c5kersberga tj\u00e4nster f\u00f6r alla dina elbehov. Uppt\u00e4ck v\u00e5rt breda utbud av tj\u00e4nster, inklusive elinstallation, service och underh\u00e5ll.\",\"breadcrumb\":{\"@id\":\"https:\\\/\\\/xn--kersbergaelektriska-zwb.se\\\/?page_id=2966#breadcrumb\"},\"inLanguage\":\"sv-SE\",\"potentialAction\":[{\"@type\":\"ReadAction\",\"target\":[\"https:\\\/\\\/xn--kersbergaelektriska-zwb.se\\\/?page_id=2966\"]}]},{\"@type\":\"ImageObject\",\"inLanguage\":\"sv-SE\",\"@id\":\"https:\\\/\\\/xn--kersbergaelektriska-zwb.se\\\/?page_id=2966#primaryimage\",\"url\":\"https:\\\/\\\/xn--kersbergaelektriska-zwb.se\\\/wp-content\\\/uploads\\\/2025\\\/03\\\/25B8E8B1-32B0-44FF-9235-F751F53FC6A3-scaled.webp\",\"contentUrl\":\"https:\\\/\\\/xn--kersbergaelektriska-zwb.se\\\/wp-content\\\/uploads\\\/2025\\\/03\\\/25B8E8B1-32B0-44FF-9235-F751F53FC6A3-scaled.webp\",\"width\":1080,\"height\":1920,\"caption\":\"elektriker \u00c5kersberga\"},{\"@type\":\"BreadcrumbList\",\"@id\":\"https:\\\/\\\/xn--kersbergaelektriska-zwb.se\\\/?page_id=2966#breadcrumb\",\"itemListElement\":[{\"@type\":\"ListItem\",\"position\":1,\"name\":\"Home\",\"item\":\"https:\\\/\\\/xn--kersbergaelektriska-zwb.se\\\/\"},{\"@type\":\"ListItem\",\"position\":2,\"name\":\"Tj\u00e4nster\"}]},{\"@type\":\"WebSite\",\"@id\":\"https:\\\/\\\/xn--kersbergaelektriska-zwb.se\\\/#website\",\"url\":\"https:\\\/\\\/xn--kersbergaelektriska-zwb.se\\\/\",\"name\":\"Elektriker \u00c5kersberga och Stockholm - ElektrikerNu i Sverige AB\",\"description\":\"elektriker \u00c5kersberga\",\"publisher\":{\"@id\":\"https:\\\/\\\/xn--kersbergaelektriska-zwb.se\\\/#organization\"},\"potentialAction\":[{\"@type\":\"SearchAction\",\"target\":{\"@type\":\"EntryPoint\",\"urlTemplate\":\"https:\\\/\\\/xn--kersbergaelektriska-zwb.se\\\/?s={search_term_string}\"},\"query-input\":{\"@type\":\"PropertyValueSpecification\",\"valueRequired\":true,\"valueName\":\"search_term_string\"}}],\"inLanguage\":\"sv-SE\"},{\"@type\":\"Organization\",\"@id\":\"https:\\\/\\\/xn--kersbergaelektriska-zwb.se\\\/#organization\",\"name\":\"ElektrikerNu i Sverige AB\",\"url\":\"https:\\\/\\\/xn--kersbergaelektriska-zwb.se\\\/\",\"logo\":{\"@type\":\"ImageObject\",\"inLanguage\":\"sv-SE\",\"@id\":\"https:\\\/\\\/xn--kersbergaelektriska-zwb.se\\\/#\\\/schema\\\/logo\\\/image\\\/\",\"url\":\"https:\\\/\\\/xn--kersbergaelektriska-zwb.se\\\/wp-content\\\/uploads\\\/2025\\\/03\\\/cropped-Logo-23-1.webp\",\"contentUrl\":\"https:\\\/\\\/xn--kersbergaelektriska-zwb.se\\\/wp-content\\\/uploads\\\/2025\\\/03\\\/cropped-Logo-23-1.webp\",\"width\":1920,\"height\":639,\"caption\":\"ElektrikerNu i Sverige AB\"},\"image\":{\"@id\":\"https:\\\/\\\/xn--kersbergaelektriska-zwb.se\\\/#\\\/schema\\\/logo\\\/image\\\/\"},\"sameAs\":[\"https:\\\/\\\/www.facebook.com\\\/profile.php?id=61555924331954\",\"https:\\\/\\\/www.instagram.com\\\/elektrikernu\\\/\"]}]}<\/script>\n<!-- \/ Yoast SEO plugin. -->","yoast_head_json":{"title":"Elektriker \u00c5kersberga tj\u00e4nster - Anlita V\u00e5r Erfarna Elektriker","description":"Elektriker \u00c5kersberga tj\u00e4nster f\u00f6r alla dina elbehov. Uppt\u00e4ck v\u00e5rt breda utbud av tj\u00e4nster, inklusive elinstallation, service och underh\u00e5ll.","robots":{"index":"index","follow":"follow","max-snippet":"max-snippet:-1","max-image-preview":"max-image-preview:large","max-video-preview":"max-video-preview:-1"},"canonical":"https:\/\/xn--kersbergaelektriska-zwb.se\/?page_id=2966","og_locale":"sv_SE","og_type":"article","og_title":"Elektriker \u00c5kersberga tj\u00e4nster - Anlita V\u00e5r Erfarna Elektriker","og_description":"Elektriker \u00c5kersberga tj\u00e4nster f\u00f6r alla dina elbehov. Uppt\u00e4ck v\u00e5rt breda utbud av tj\u00e4nster, inklusive elinstallation, service och underh\u00e5ll.","og_url":"https:\/\/xn--kersbergaelektriska-zwb.se\/?page_id=2966","og_site_name":"Elektriker \u00c5kersberga","article_publisher":"https:\/\/www.facebook.com\/profile.php?id=61555924331954","article_modified_time":"2025-04-28T06:59:16+00:00","twitter_card":"summary_large_image","schema":{"@context":"https:\/\/schema.org","@graph":[{"@type":"WebPage","@id":"https:\/\/xn--kersbergaelektriska-zwb.se\/?page_id=2966","url":"https:\/\/xn--kersbergaelektriska-zwb.se\/?page_id=2966","name":"Elektriker \u00c5kersberga tj\u00e4nster - Anlita V\u00e5r Erfarna Elektriker","isPartOf":{"@id":"https:\/\/xn--kersbergaelektriska-zwb.se\/#website"},"primaryImageOfPage":{"@id":"https:\/\/xn--kersbergaelektriska-zwb.se\/?page_id=2966#primaryimage"},"image":{"@id":"https:\/\/xn--kersbergaelektriska-zwb.se\/?page_id=2966#primaryimage"},"thumbnailUrl":"https:\/\/xn--kersbergaelektriska-zwb.se\/wp-content\/uploads\/2025\/03\/25B8E8B1-32B0-44FF-9235-F751F53FC6A3-scaled.webp","datePublished":"2025-03-13T07:52:15+00:00","dateModified":"2025-04-28T06:59:16+00:00","description":"Elektriker \u00c5kersberga tj\u00e4nster f\u00f6r alla dina elbehov. Uppt\u00e4ck v\u00e5rt breda utbud av tj\u00e4nster, inklusive elinstallation, service och underh\u00e5ll.","breadcrumb":{"@id":"https:\/\/xn--kersbergaelektriska-zwb.se\/?page_id=2966#breadcrumb"},"inLanguage":"sv-SE","potentialAction":[{"@type":"ReadAction","target":["https:\/\/xn--kersbergaelektriska-zwb.se\/?page_id=2966"]}]},{"@type":"ImageObject","inLanguage":"sv-SE","@id":"https:\/\/xn--kersbergaelektriska-zwb.se\/?page_id=2966#primaryimage","url":"https:\/\/xn--kersbergaelektriska-zwb.se\/wp-content\/uploads\/2025\/03\/25B8E8B1-32B0-44FF-9235-F751F53FC6A3-scaled.webp","contentUrl":"https:\/\/xn--kersbergaelektriska-zwb.se\/wp-content\/uploads\/2025\/03\/25B8E8B1-32B0-44FF-9235-F751F53FC6A3-scaled.webp","width":1080,"height":1920,"caption":"elektriker \u00c5kersberga"},{"@type":"BreadcrumbList","@id":"https:\/\/xn--kersbergaelektriska-zwb.se\/?page_id=2966#breadcrumb","itemListElement":[{"@type":"ListItem","position":1,"name":"Home","item":"https:\/\/xn--kersbergaelektriska-zwb.se\/"},{"@type":"ListItem","position":2,"name":"Tj\u00e4nster"}]},{"@type":"WebSite","@id":"https:\/\/xn--kersbergaelektriska-zwb.se\/#website","url":"https:\/\/xn--kersbergaelektriska-zwb.se\/","name":"Elektriker \u00c5kersberga och Stockholm - ElektrikerNu i Sverige AB","description":"elektriker \u00c5kersberga","publisher":{"@id":"https:\/\/xn--kersbergaelektriska-zwb.se\/#organization"},"potentialAction":[{"@type":"SearchAction","target":{"@type":"EntryPoint","urlTemplate":"https:\/\/xn--kersbergaelektriska-zwb.se\/?s={search_term_string}"},"query-input":{"@type":"PropertyValueSpecification","valueRequired":true,"valueName":"search_term_string"}}],"inLanguage":"sv-SE"},{"@type":"Organization","@id":"https:\/\/xn--kersbergaelektriska-zwb.se\/#organization","name":"ElektrikerNu i Sverige AB","url":"https:\/\/xn--kersbergaelektriska-zwb.se\/","logo":{"@type":"ImageObject","inLanguage":"sv-SE","@id":"https:\/\/xn--kersbergaelektriska-zwb.se\/#\/schema\/logo\/image\/","url":"https:\/\/xn--kersbergaelektriska-zwb.se\/wp-content\/uploads\/2025\/03\/cropped-Logo-23-1.webp","contentUrl":"https:\/\/xn--kersbergaelektriska-zwb.se\/wp-content\/uploads\/2025\/03\/cropped-Logo-23-1.webp","width":1920,"height":639,"caption":"ElektrikerNu i Sverige AB"},"image":{"@id":"https:\/\/xn--kersbergaelektriska-zwb.se\/#\/schema\/logo\/image\/"},"sameAs":["https:\/\/www.facebook.com\/profile.php?id=61555924331954","https:\/\/www.instagram.com\/elektrikernu\/"]}]}},"_links":{"self":[{"href":"https:\/\/xn--kersbergaelektriska-zwb.se\/index.php?rest_route=\/wp\/v2\/pages\/2966","targetHints":{"allow":["GET"]}}],"collection":[{"href":"https:\/\/xn--kersbergaelektriska-zwb.se\/index.php?rest_route=\/wp\/v2\/pages"}],"about":[{"href":"https:\/\/xn--kersbergaelektriska-zwb.se\/index.php?rest_route=\/wp\/v2\/types\/page"}],"author":[{"embeddable":true,"href":"https:\/\/xn--kersbergaelektriska-zwb.se\/index.php?rest_route=\/wp\/v2\/users\/1"}],"replies":[{"embeddable":true,"href":"https:\/\/xn--kersbergaelektriska-zwb.se\/index.php?rest_route=%2Fwp%2Fv2%2Fcomments&post=2966"}],"version-history":[{"count":1,"href":"https:\/\/xn--kersbergaelektriska-zwb.se\/index.php?rest_route=\/wp\/v2\/pages\/2966\/revisions"}],"predecessor-version":[{"id":2967,"href":"https:\/\/xn--kersbergaelektriska-zwb.se\/index.php?rest_route=\/wp\/v2\/pages\/2966\/revisions\/2967"}],"wp:featuredmedia":[{"embeddable":true,"href":"https:\/\/xn--kersbergaelektriska-zwb.se\/index.php?rest_route=\/wp\/v2\/media\/3067"}],"wp:attachment":[{"href":"https:\/\/xn--kersbergaelektriska-zwb.se\/index.php?rest_route=%2Fwp%2Fv2%2Fmedia&parent=2966"}],"curies":[{"name":"wp","href":"https:\/\/api.w.org\/{rel}","templated":true}]}}